{"id":1076,"date":"2024-03-18T13:05:19","date_gmt":"2024-03-18T12:05:19","guid":{"rendered":"https:\/\/www.arelocation.com\/datenschutzbestimmungen\/"},"modified":"2025-04-01T16:00:12","modified_gmt":"2025-04-01T14:00:12","slug":"datenschutzbestimmungen","status":"publish","type":"page","link":"https:\/\/www.arelocation.com\/de\/datenschutzbestimmungen\/","title":{"rendered":"Datenschutzbestimmungen"},"content":{"rendered":"\n<p>In \u00dcbereinstimmung mit der neuen Europ\u00e4ischen Datenschutzverordnung haben wir unsere Datenschutzrichtlinie aktualisiert. Diese Website respektiert die pers\u00f6nlichen Daten ihrer Nutzer und k\u00fcmmert sich um sie. Als Nutzer sollten Sie wissen, dass Ihre Rechte garantiert sind.  <\/p>\n\n<p>Bitte beachten Sie, dass sich diese Datenschutzrichtlinie je nach den Anforderungen der Gesetzgebung oder der Selbstregulierung \u00e4ndern kann, so dass wir Ihnen empfehlen, sie regelm\u00e4\u00dfig zu lesen. Sie gilt f\u00fcr den Fall, dass Sie sich entscheiden, eines der Kontaktformulare auszuf\u00fcllen, in denen personenbezogene Daten erfasst werden. <\/p>\n\n<p>Relocate Consulting 2000 S.L. hat diese Website an die Anforderungen der Verordnung (EU) 2016\/679 des Europ\u00e4ischen Parlaments und des Rates vom 27. April 2016 zum Schutz nat\u00fcrlicher Personen (RGPD) sowie an das Gesetz 34\/2002 vom 11. Juli \u00fcber die Dienste der Informationsgesellschaft und den elektronischen Handel (LSSICE) angepasst.<\/p>\n\n<p><strong>Verantwortlich f\u00fcr die Verarbeitung Ihrer pers\u00f6nlichen Daten<\/strong><\/p>\n\n<p>&#8211; Identit\u00e4t der verantwortlichen Partei: Relocate Consulting 2000 S.L.<br\/>&#8211; CIF: B64051774<br\/>&#8211; E-mail: help@relocateconsulting.com<br\/>&#8211; Adresse: Balmes, 152 7\u00ba 2\u00aa 08008 Barcelona<\/p>\n\n<p>Im Sinne der Bestimmungen der oben genannten Allgemeinen Datenschutzverordnung werden die personenbezogenen Daten, die Sie uns \u00fcber die Formulare auf der Website \u00fcbermitteln, als Daten von &#8220;Website-Nutzern und Abonnenten&#8221; behandelt. F\u00fcr die Verarbeitung der Nutzerdaten setzen wir alle technischen und organisatorischen Sicherheitsma\u00dfnahmen ein, die in der geltenden Gesetzgebung vorgesehen sind. <\/p>\n\n<p><strong>Grunds\u00e4tze, die wir auf Ihre pers\u00f6nlichen Daten anwenden werden<\/strong><\/p>\n\n<p>Bei der Verarbeitung Ihrer personenbezogenen Daten werden wir die folgenden Grunds\u00e4tze anwenden, die den Anforderungen der neuen europ\u00e4ischen Datenschutzverordnung entsprechen:<br\/>&#8211; Grundsatz der Rechtm\u00e4\u00dfigkeit, Fairness und Transparenz: Wir werden immer Ihre Zustimmung zur Verarbeitung Ihrer personenbezogenen Daten f\u00fcr einen oder mehrere bestimmte Zwecke einholen, \u00fcber die wir Sie im Voraus mit absoluter Transparenz informieren werden.<br\/>&#8211; Grundsatz der Datenminimierung: Wir werden nur Daten anfordern, die f\u00fcr die Zwecke, f\u00fcr die wir sie ben\u00f6tigen, unbedingt erforderlich sind.<br\/>&#8211; Grundsatz der Begrenzung der Speicherdauer: Die Daten werden nicht l\u00e4nger aufbewahrt, als es f\u00fcr die Zwecke der Verarbeitung erforderlich ist. Je nach Zweck werden wir Sie \u00fcber die entsprechende Speicherdauer informieren, im Falle von Abonnements \u00fcberpr\u00fcfen wir regelm\u00e4\u00dfig unsere Listen und l\u00f6schen die Datens\u00e4tze, die \u00fcber einen l\u00e4ngeren Zeitraum inaktiv waren.<br\/>&#8211; Grundsatz der Integrit\u00e4t und Vertraulichkeit: Ihre Daten werden so behandelt, dass eine angemessene Sicherheit der personenbezogenen Daten und die Vertraulichkeit gew\u00e4hrleistet sind. Wir treffen alle notwendigen Vorkehrungen, um einen unbefugten Zugriff oder Missbrauch der Daten unserer Nutzer durch Dritte zu verhindern. <\/p>\n\n<p><strong>Wie haben wir Ihre Daten erhalten?<\/strong><\/p>\n\n<p>Die personenbezogenen Daten, die wir verarbeiten, stammen aus:<br\/>&#8211; Kontaktformular<br\/>&#8211; Kontoregistrierungsformular<br\/>&#8211; Pers\u00f6nliche Verkaufsbesuche<br\/>&#8211; Direktanrufe<\/p>\n\n<p><strong>Welche Rechte haben Sie, wenn Sie uns Ihre Daten zur Verf\u00fcgung stellen?<\/strong><\/p>\n\n<p>Betroffene Personen haben das Recht:<br\/>&#8211; Zugang zu den sie betreffenden personenbezogenen Daten zu verlangen<br\/>&#8211; ihre Berichtigung zu verlangen<br\/>&#8211; ihre L\u00f6schung aus unserer Datenbank zu verlangen<br\/>&#8211; die Einschr\u00e4nkung ihrer Verarbeitung zu verlangen<br\/>&#8211; ihrer Verarbeitung zu widersprechen<\/p>\n\n<p>Betroffene Personen haben das Recht, auf ihre personenbezogenen Daten zuzugreifen sowie die Berichtigung unrichtiger Daten oder gegebenenfalls deren L\u00f6schung zu verlangen, wenn die Daten unter anderem f\u00fcr die Zwecke, f\u00fcr die sie erhoben wurden, nicht mehr erforderlich sind. Unter bestimmten Umst\u00e4nden k\u00f6nnen betroffene Personen verlangen, dass wir die Verarbeitung ihrer Daten einschr\u00e4nken. In diesem Fall werden wir die Daten nur zum Zweck der Geltendmachung oder Verteidigung von Anspr\u00fcchen aufbewahren. Unter bestimmten Umst\u00e4nden und aus Gr\u00fcnden, die mit ihrer besonderen Situation zusammenh\u00e4ngen, k\u00f6nnen die betroffenen Personen der Verarbeitung ihrer Daten widersprechen. Relocate Consulting 2000 S.L. wird die Verarbeitung der Daten einstellen, es sei denn, es liegen zwingende legitime Gr\u00fcnde oder die Aus\u00fcbung oder Abwehr m\u00f6glicher Anspr\u00fcche vor. Als betroffene Person haben Sie das Recht, die Sie betreffenden personenbezogenen Daten, die Sie uns zur Verf\u00fcgung gestellt haben, in einem strukturierten, g\u00e4ngigen und maschinenlesbaren Format zu erhalten und sie einem anderen Verantwortlichen zu \u00fcbermitteln, wenn:<br\/>&#8211; Die Verarbeitung beruht auf einer Einwilligung<br\/>&#8211; Die Daten wurden von der betroffenen Person zur Verf\u00fcgung gestellt.<br\/>&#8211; Die Verarbeitung erfolgt mit automatisierten Mitteln.    <\/p>\n\n<p>Betroffene Personen haben au\u00dferdem das Recht auf einen wirksamen gerichtlichen Rechtsschutz und das Recht, eine Beschwerde bei der Aufsichtsbeh\u00f6rde, in diesem Fall der spanischen Datenschutzbeh\u00f6rde, einzureichen, wenn sie der Ansicht sind, dass die Verarbeitung der sie betreffenden personenbezogenen Daten gegen die Verordnung verst\u00f6\u00dft.<\/p>\n\n<p><strong>Zu welchen Zwecken verarbeiten wir Ihre personenbezogenen Daten?<\/strong><\/p>\n\n<p>Wenn ein Benutzer eine Verbindung zu dieser Website herstellt, um eine E-Mail an den Eigent\u00fcmer zu senden oder ein Kontakt- oder Veranstaltungsformular auszuf\u00fcllen, stellt er pers\u00f6nliche Informationen zur Verf\u00fcgung, f\u00fcr die Relocate Consulting 2000 S.L. verantwortlich ist. Diese Informationen k\u00f6nnen pers\u00f6nliche Daten wie Ihre IP-Adresse, Ihren Namen, Ihre physische Adresse, Ihre E-Mail-Adresse, Ihre Telefonnummer und andere Informationen enthalten. Indem Sie diese Informationen zur Verf\u00fcgung stellen, erkl\u00e4ren Sie sich damit einverstanden, dass Ihre Daten von www.relocateconsulting.com gesammelt, verwendet, verwaltet und gespeichert werden, und zwar ausschlie\u00dflich in der im Impressum und in dieser Datenschutzerkl\u00e4rung beschriebenen Weise. Bei Relocate Consulting 2000 S.L. gibt es verschiedene Systeme zur Erfassung personenbezogener Daten, und wir verarbeiten die von Interessenten zur Verf\u00fcgung gestellten Informationen f\u00fcr die folgenden Zwecke f\u00fcr jedes Erfassungssystem (Formulare):<br\/>&#8211; Kontaktformular: In diesem Fall fragen wir die folgenden personenbezogenen Daten ab: Vor- und Nachname, E-Mail, Vorwahl und Telefonnummer, Ort, Land und Kommentar, um die Liste der Abonnements zu verwalten, Newsletter, Werbeaktionen und Sonderangebote zu versenden, die vom Benutzer beim Absenden des Formulars angegeben werden.  <br\/>&#8211; Kontoregistrierungsformular: Wir fragen nach Benutzername, E-Mail, Passwort, Lieferadresse und Rechnungsadresse, um die Registrierung und den Kauf zu verwalten. Sie werden nach Kontakt- und Zahlungsdaten gefragt. Es gibt weitere Zwecke, f\u00fcr die wir Ihre personenbezogenen Daten verarbeiten: Um die Einhaltung der Nutzungsbedingungen und des geltenden Rechts zu gew\u00e4hrleisten. Dazu kann die Entwicklung von Tools und Algorithmen geh\u00f6ren, die dieser Website helfen, die Vertraulichkeit der gesammelten personenbezogenen Daten zu gew\u00e4hrleisten. Wir erfassen auch andere, nicht-identifizierende Daten, die durch einige Cookies gewonnen werden, die auf den Computer des Benutzers heruntergeladen werden, wenn er auf dieser Website surft, und die in der Cookie-Richtlinie n\u00e4her erl\u00e4utert werden.    <\/p>\n\n<p>In \u00dcbereinstimmung mit den Bestimmungen der europ\u00e4ischen Datenschutzgrundverordnung (RGPD) 2016\/679 ist Relocate Consulting 2000 S.L. f\u00fcr die Verarbeitung der Daten verantwortlich, die den Nutzern der Website und den Abonnenten entsprechen. Relocate Consulting 2000 S.L. verkauft, vermietet oder \u00fcbertr\u00e4gt personenbezogene Daten, mit denen der Benutzer identifiziert werden kann, nicht an Dritte und wird dies auch in Zukunft nicht ohne vorherige Zustimmung tun. Die Verarbeitung erfolgt stets unter Einhaltung der strengsten Sicherheitsstandards.  <\/p>\n\n<p><strong>Versenden von E-Mails zu Kontaktzwecken<\/strong><\/p>\n\n<p>Ein besonderer Fall der Datenverarbeitung bei Relocate Consulting 2000 S.L. betrifft die E-Mail-Nachrichten, die Benutzer senden, um unser Unternehmen zu kontaktieren und Fragen zu unseren Produkten zu stellen. Es gibt zwar ein Formular zur Datenerfassung, aber f\u00fcr die Kontaktaufnahme k\u00f6nnen die Benutzer auch E-Mail-Nachrichten senden. Zu diesem Zweck verwendet Relocate Consulting 2000 S.L. das E-Mail-System Gmail (Google). Die Nachrichten der Nutzer zu diesem Zweck werden im Gmail-Konto von Relocate Consulting 2000 S.L. gespeichert und die entsprechenden Daten (E-Mail und Name) unterliegen den Datenschutzbestimmungen von Google. Die im Gmail-Konto gespeicherten Daten werden weder \u00fcbertragen noch an Dritte weitergegeben; und Sie k\u00f6nnen Ihre gesetzlichen Rechte aus\u00fcben, wie in dieser Datenschutzerkl\u00e4rung angegeben.    <\/p>\n\n<p><strong>Legitimation f\u00fcr die Verarbeitung Ihrer Daten<\/strong><\/p>\n\n<p>Die Rechtsgrundlage f\u00fcr die Verarbeitung Ihrer Daten ist: Zustimmung. F\u00fcr die Kontaktaufnahme oder das Versenden von Formularen auf dieser Website ist die Zustimmung zu dieser Datenschutzrichtlinie erforderlich. Das prospektive oder kommerzielle Angebot von Produkten und Dienstleistungen basiert auf der angeforderten Zustimmung.  <\/p>\n\n<p><strong>Kategorie Daten<\/strong><\/p>\n\n<p>Bei den verarbeiteten Datenkategorien handelt es sich um Identifikationsdaten. Es werden keine besonders gesch\u00fctzten Kategorien von Daten verarbeitet. <\/p>\n\n<p><strong>Wie lange werden wir Ihre Daten aufbewahren? Die angegebenen pers\u00f6nlichen Daten werden aufbewahrt: <\/strong><\/p>\n\n<p>Bis der Interessent die L\u00f6schung beantragt.<\/p>\n\n<p><strong>An welche Empf\u00e4nger werden Ihre Daten weitergegeben?<\/strong><\/p>\n\n<p>Viele der Tools, die wir zur Verwaltung Ihrer Daten verwenden, werden von Dritten in Auftrag gegeben. Zur Erbringung von Dienstleistungen, die f\u00fcr die Entwicklung der Aktivit\u00e4t unbedingt erforderlich sind, teilt www.relocateconsulting.com Daten mit den folgenden Anbietern unter deren entsprechenden Datenschutzbedingungen: <br\/>Google Analytics: ein Webanalysedienst, der von Google, Inc. bereitgestellt wird, einem Unternehmen aus Delaware mit Hauptsitz in 1600 Amphitheatre Parkway, Mountain View (Kalifornien), CA 94043, Vereinigte Staaten (&#8220;Google&#8221;). Google Analytics verwendet sog. &#8220;Cookies&#8221;, Textdateien, die auf Ihrem Computer gespeichert werden und die eine Analyse der Benutzung der Website www.relocateconsulting.com durch Sie erm\u00f6glichen. Die durch den Cookie erzeugten Informationen \u00fcber Ihre Benutzung von www.relocateconsulting.com werden an einen Server von Google in den Vereinigten Staaten von Amerika \u00fcbertragen und dort gespeichert. Die IP-Adresse ist anonymisiert und wird daher von Google nicht erfasst.<br\/>Google Mail. Dieser Dienst speichert die von Nutzern gesendeten Nachrichten zu Kontaktzwecken. <\/p>\n\n<p><strong>Navigation<\/strong><\/p>\n\n<p>Beim Surfen auf www.relocateconsulting.com k\u00f6nnen nicht identifizierbare Daten gesammelt werden, darunter IP-Adressen, geografische Standorte (ungef\u00e4hr), Aufzeichnungen \u00fcber die Nutzung von Diensten und Websites und andere Daten, die nicht zur Identifizierung des Benutzers verwendet werden k\u00f6nnen. Zu den nicht identifizierbaren Daten geh\u00f6ren auch Daten, die sich auf Ihre Surfgewohnheiten bei Diensten von Drittanbietern beziehen. Diese Website verwendet die folgenden Analysedienste von Drittanbietern:<br\/>&#8211; Google Analytics: Wir verwenden diese Informationen, um Trends zu analysieren, die Website zu verwalten, die Bewegungen der Nutzer auf der Website zu verfolgen und demografische Informationen \u00fcber unsere Nutzerbasis als Ganzes zu sammeln.  <\/p>\n\n<p><strong>Geheimhaltung und Datensicherheit<\/strong><\/p>\n\n<p>www.relocateconsulting.com verpflichtet sich, die personenbezogenen Daten der Benutzer unter Wahrung der Vertraulichkeit zu verwenden und sie entsprechend ihrem Zweck zu nutzen sowie ihrer Verpflichtung zur Aufbewahrung nachzukommen und alle Ma\u00dfnahmen zu ergreifen, um ihre Ver\u00e4nderung, ihren Verlust, ihre unbefugte Verarbeitung oder ihren Zugriff zu verhindern, und zwar in \u00dcbereinstimmung mit den Bestimmungen der geltenden Datenschutzgesetze.<\/p>\n\n<p>Diese Website enth\u00e4lt ein SSL-Zertifikat. Dabei handelt es sich um ein Sicherheitsprotokoll, das daf\u00fcr sorgt, dass Ihre Daten auf integrale und sichere Weise \u00fcbertragen werden, d.h. die \u00dcbertragung von Daten zwischen einem Server und dem Webnutzer und in der R\u00fcckkopplung vollst\u00e4ndig verschl\u00fcsselt oder verschl\u00fcsselt ist. www.relocateconsulting.com kann die absolute Uneinnehmbarkeit des Internet-Netzwerks und damit die Verletzung von Daten durch betr\u00fcgerischen Zugriff durch Dritte nicht garantieren.  <\/p>\n\n<p>In Bezug auf die Vertraulichkeit der Verarbeitung stellt Relocate Consulting 2000 S.L. sicher, dass alle Personen, die von uns zur Verarbeitung von Kundendaten erm\u00e4chtigt sind (einschlie\u00dflich unserer Mitarbeiter, Mitarbeiter und Dienstleister), einer angemessenen Vertraulichkeitsverpflichtung unterliegen (sei es eine vertragliche oder gesetzliche Verpflichtung).<\/p>\n\n<p>Wenn ein Sicherheitsvorfall eintritt, benachrichtigt Relocate Consulting 2000 S.L. den Kunden unverz\u00fcglich, sobald es davon Kenntnis erlangt, und stellt rechtzeitig Informationen \u00fcber den Sicherheitsvorfall zur Verf\u00fcgung, sobald dieser bekannt wird oder wenn der Kunde dies angemessenerweise verlangt.<\/p>\n\n<p><strong>Genauigkeit und Wahrhaftigkeit der Daten<\/strong><\/p>\n\n<p>Als Nutzer sind Sie die einzige Person, die f\u00fcr die Wahrhaftigkeit und Richtigkeit der Daten, die Sie an www.relocateconsulting.com senden, verantwortlich ist und Relocate Consulting 2000 S.L. von jeglicher Verantwortung in dieser Hinsicht entbindet.<\/p>\n\n<p>Der Nutzer garantiert und ist in jedem Fall f\u00fcr die Richtigkeit, G\u00fcltigkeit und Authentizit\u00e4t der angegebenen pers\u00f6nlichen Daten verantwortlich und verpflichtet sich, diese ordnungsgem\u00e4\u00df auf dem neuesten Stand zu halten. Der Benutzer verpflichtet sich, im Kontaktformular oder im Formular Kurse und Veranstaltungen vollst\u00e4ndige und korrekte Angaben zu machen. <\/p>\n\n<p><strong>Akzeptanz und Zustimmung<\/strong><\/p>\n\n<p>Der Benutzer erkl\u00e4rt, \u00fcber die Bedingungen zum Schutz personenbezogener Daten informiert worden zu sein, und erkl\u00e4rt sich mit der Verarbeitung dieser Daten durch Relocate Consulting 2000 S.L. in der Art und Weise und zu den Zwecken einverstanden, die in dieser Datenschutzerkl\u00e4rung angegeben sind.<\/p>\n\n<p><strong>Widerrufbarkeit<\/strong><\/p>\n\n<p>Die erteilte Einwilligung, sowohl f\u00fcr die Verarbeitung als auch f\u00fcr die \u00dcbermittlung der Daten der Betroffenen, kann jederzeit widerrufen werden, indem Sie Relocate Consulting 2000 S.L. unter den in dieser Richtlinie f\u00fcr die Aus\u00fcbung der Rechte von ARCO festgelegten Bedingungen benachrichtigen. Dieser Widerruf wird in keinem Fall r\u00fcckwirkend sein. <\/p>\n\n<p><strong>\u00c4nderungen an der Datenschutzrichtlinie<\/strong><\/p>\n\n<p>Relocate Consulting 2000 S.L. beh\u00e4lt sich das Recht vor, diese Politik zu \u00e4ndern, um sie an neue Gesetzgebung oder Rechtsprechung sowie an Branchenpraktiken anzupassen. In solchen F\u00e4llen wird Relocate Consulting 2000 S.L. die eingef\u00fchrten \u00c4nderungen auf dieser Seite rechtzeitig vor ihrer Umsetzung bekannt geben. <\/p>\n\n<p><strong>Kommerzielle Post<\/strong><\/p>\n\n<p>In \u00dcbereinstimmung mit dem LSSICE betreibt www.relocateconsulting.com keine SPAM-Praktiken und versendet daher keine kommerziellen E-Mails auf elektronischem Wege, die nicht zuvor vom Benutzer angefordert oder genehmigt wurden.<\/p>\n\n<p>In \u00dcbereinstimmung mit den Bestimmungen des Gesetzes 34\/2002 \u00fcber die Dienste der Informationsgesellschaft und den elektronischen Handel verpflichtet sich www.relocateconsulting.com, keine kommerziellen Mitteilungen zu versenden, ohne diese ordnungsgem\u00e4\u00df zu kennzeichnen.<\/p>\n","protected":false},"excerpt":{"rendered":"<p>In \u00dcbereinstimmung mit der neuen Europ\u00e4ischen Datenschutzverordnung haben wir unsere Datenschutzrichtlinie aktualisiert. Diese Website respektiert die pers\u00f6nlichen Daten ihrer Nutzer und k\u00fcmmert sich um sie. Als Nutzer sollten Sie wissen, dass Ihre Rechte garantiert sind. Bitte beachten Sie, dass sich diese Datenschutzrichtlinie je nach den Anforderungen der Gesetzgebung oder der Selbstregulierung \u00e4ndern kann, so dass [&hellip;]<\/p>\n","protected":false},"author":1,"featured_media":0,"parent":0,"menu_order":0,"comment_status":"closed","ping_status":"closed","template":"","meta":{"_acf_changed":false,"_seopress_robots_primary_cat":"","_seopress_titles_title":"","_seopress_titles_desc":"","_seopress_robots_index":"","footnotes":""},"class_list":["post-1076","page","type-page","status-publish","hentry"],"acf":[],"_links":{"self":[{"href":"https:\/\/www.arelocation.com\/de\/wp-json\/wp\/v2\/pages\/1076","targetHints":{"allow":["GET"]}}],"collection":[{"href":"https:\/\/www.arelocation.com\/de\/wp-json\/wp\/v2\/pages"}],"about":[{"href":"https:\/\/www.arelocation.com\/de\/wp-json\/wp\/v2\/types\/page"}],"author":[{"embeddable":true,"href":"https:\/\/www.arelocation.com\/de\/wp-json\/wp\/v2\/users\/1"}],"replies":[{"embeddable":true,"href":"https:\/\/www.arelocation.com\/de\/wp-json\/wp\/v2\/comments?post=1076"}],"version-history":[{"count":1,"href":"https:\/\/www.arelocation.com\/de\/wp-json\/wp\/v2\/pages\/1076\/revisions"}],"predecessor-version":[{"id":1077,"href":"https:\/\/www.arelocation.com\/de\/wp-json\/wp\/v2\/pages\/1076\/revisions\/1077"}],"wp:attachment":[{"href":"https:\/\/www.arelocation.com\/de\/wp-json\/wp\/v2\/media?parent=1076"}],"curies":[{"name":"wp","href":"https:\/\/api.w.org\/{rel}","templated":true}]}}