{"id":1088,"date":"2025-03-16T08:29:29","date_gmt":"2025-03-16T07:29:29","guid":{"rendered":"https:\/\/www.arelocation.com\/politique-en-matiere-de-medias-sociaux\/"},"modified":"2025-04-01T16:00:36","modified_gmt":"2025-04-01T14:00:36","slug":"politique-en-matiere-de-medias-sociaux","status":"publish","type":"page","link":"https:\/\/www.arelocation.com\/fr\/politique-en-matiere-de-medias-sociaux\/","title":{"rendered":"Politique en mati\u00e8re de m\u00e9dias sociaux"},"content":{"rendered":"\n<p>Conform\u00e9ment au R\u00e8glement europ\u00e9en 2016\/679, sur la protection des donn\u00e9es personnelles (RGPD) et \u00e0 la Loi 34\/2002, du 11 juillet, sur les services de la soci\u00e9t\u00e9 de l&#8217;information et le commerce \u00e9lectronique (LSSICE), Relocate Consulting 2000 S.L. informe les Utilisateurs qu&#8217;elle a proc\u00e9d\u00e9 \u00e0 la cr\u00e9ation d&#8217;un profil sur les r\u00e9seaux sociaux Facebook, Twitter et Youtube dans le but principal de fournir des informations et de faire de la publicit\u00e9 pour ses produits et services.<\/p>\n\n<p>Relocate Consulting 2000 S.L.<br\/>Balmes, 152 7\u00ba 2\u00aa 08080 Barcelona<br\/>www.relocateconsulting.com<br\/>help@relocateconsulting.com<\/p>\n\n<p>L&#8217;Utilisateur a un profil sur le m\u00eame R\u00e9seau Social et a d\u00e9cid\u00e9 de rejoindre la page cr\u00e9\u00e9e par Relocate Consulting 2000 S.L., montrant ainsi son int\u00e9r\u00eat pour les informations publi\u00e9es sur le R\u00e9seau. En rejoignant notre page, vous nous donnez votre accord pour traiter les donn\u00e9es personnelles publi\u00e9es dans votre profil. <\/p>\n\n<p>L&#8217;utilisateur peut \u00e0 tout moment acc\u00e9der aux politiques de confidentialit\u00e9 du r\u00e9seau social et configurer son profil pour garantir le respect de sa vie priv\u00e9e.<\/p>\n\n<p>Relocate Consulting 2000 S.L. traite les informations publiques de l&#8217;utilisateur, en particulier son nom de contact. Ces donn\u00e9es ne sont utilis\u00e9es qu&#8217;au sein du r\u00e9seau social lui-m\u00eame et ne sont incorpor\u00e9es \u00e0 aucun fichier. <\/p>\n\n<p>En ce qui concerne les droits d&#8217;acc\u00e8s, de rectification, d&#8217;annulation et d&#8217;opposition dont vous disposez et que vous pouvez exercer aupr\u00e8s de Relocate Consulting 2000 S.L., vous devez tenir compte des nuances suivantes :<br\/>&#8211; Droit d&#8217;acc\u00e8s : Il s&#8217;agit du droit de l&#8217;utilisateur d&#8217;obtenir des informations sur ses donn\u00e9es personnelles sp\u00e9cifiques et sur le traitement que Relocate Consulting 2000 S.L. a r\u00e9alis\u00e9 ou r\u00e9alise, ainsi que les informations disponibles sur l&#8217;origine de ces donn\u00e9es et sur les communications r\u00e9alis\u00e9es ou pr\u00e9vues pour celles-ci. Ce droit sera d\u00e9fini par la fonctionnalit\u00e9 du r\u00e9seau social et la capacit\u00e9 d&#8217;acc\u00e8s aux informations des profils des utilisateurs. <br\/>&#8211; Droit de rectification : Il s&#8217;agit du droit de la partie concern\u00e9e de faire modifier les donn\u00e9es qui s&#8217;av\u00e8rent inexactes ou incompl\u00e8tes. Il ne peut \u00eatre exerc\u00e9 que pour les informations qui sont sous le contr\u00f4le de Relocate Consulting 2000 S.L. (par exemple, suppression des commentaires post\u00e9s sur le profil lui-m\u00eame). Normalement, ce droit doit \u00eatre exerc\u00e9 aupr\u00e8s du r\u00e9seau social.  <br\/>&#8211; Droit d&#8217;annulation : Il s&#8217;agit du droit de supprimer les donn\u00e9es personnelles de l&#8217;utilisateur, \u00e0 l&#8217;exception des dispositions d&#8217;autres lois applicables qui d\u00e9terminent le caract\u00e8re obligatoire de la conservation de ces donn\u00e9es, dans le temps et dans la forme. Ce droit peut \u00eatre exerc\u00e9, par exemple, en dissociant le profil auquel il est li\u00e9. <br\/>&#8211; Droit d&#8217;opposition : Il s&#8217;agit du droit de l&#8217;utilisateur de s&#8217;opposer au traitement de ses donn\u00e9es personnelles ou de faire cesser le traitement de ces donn\u00e9es par Relocate Consulting 2000 S.L. Comme pour le droit d&#8217;annulation, l&#8217;utilisateur peut exercer ce droit, par exemple, en se d\u00e9solidarisant du profil auquel il est li\u00e9.<\/p>\n\n<p>Pour exercer l&#8217;un des droits d\u00e9crits ci-dessus, vous devez remplir les conditions suivantes :<br\/><br\/>1) Pr\u00e9sentation d&#8217;une lettre adress\u00e9e \u00e0 Relocate Consulting 2000 S.L., \u00e0 l&#8217;adresse Balmes, 152, 7\u00ba 2\u00aa, 08008, Barcelone ou par courrier \u00e9lectronique \u00e0 help@relocateconsulting.com.<br\/><br\/>2. La lettre envoy\u00e9e par le titulaire des donn\u00e9es demandant l&#8217;exercice doit respecter les exigences l\u00e9gales suivantes :<br\/>&#8211; Nom, pr\u00e9nom(s) de la personne concern\u00e9e et copie du DNI. Dans les cas exceptionnels o\u00f9 la repr\u00e9sentation est admise, l&#8217;identification par les m\u00eames moyens de la personne repr\u00e9sentant la personne concern\u00e9e est \u00e9galement requise, ainsi que le document accr\u00e9ditant la repr\u00e9sentation. La photocopie du DNI peut \u00eatre remplac\u00e9e \u00e0 condition que l&#8217;identit\u00e9 soit attest\u00e9e par tout autre moyen l\u00e9galement valable.  <br\/>&#8211; Demande dans laquelle la demande est formul\u00e9e. Si vous ne faites pas r\u00e9f\u00e9rence \u00e0 un dossier sp\u00e9cifique, vous recevrez toutes les informations dont nous disposons sur vos donn\u00e9es personnelles. Si vous demandez des informations sur un dossier sp\u00e9cifique, seules les informations relatives \u00e0 ce dossier vous seront communiqu\u00e9es. Si vous demandez des informations relatives \u00e0 un tiers, elles ne seront jamais fournies. Si vous demandez des informations par t\u00e9l\u00e9phone, il vous sera demand\u00e9 de le faire par \u00e9crit et vous serez inform\u00e9 de la mani\u00e8re de le faire et de l&#8217;adresse \u00e0 laquelle vous devez l&#8217;envoyer. Vous ne recevrez jamais d&#8217;informations par t\u00e9l\u00e9phone.<br\/>&#8211; Adresse de notification.<br\/>&#8211; Date et signature du signataire<br\/>&#8211; Documents accr\u00e9ditant la demande.     <br\/><br\/>3. L&#8217;int\u00e9ress\u00e9 doit prouver par tout moyen que la demande a \u00e9t\u00e9 envoy\u00e9e et re\u00e7ue.<\/p>\n\n<p>Utilisation du profil<\/p>\n\n<p>Relocate Consulting 2000 S.L. r\u00e9alisera les actions suivantes :<br\/>&#8211; Acc\u00e8s aux informations publiques du profil. &#8211; Publication dans le profil de l&#8217;utilisateur de toutes les informations d\u00e9j\u00e0 publi\u00e9es sur la page de Relocate Consulting 2000 S.L. &#8211; Envoi de messages personnels et individuels par le biais des canaux du r\u00e9seau social. &#8211; Mise \u00e0 jour de l&#8217;\u00e9tat de la page qui sera publi\u00e9e dans le profil de l&#8217;utilisateur.  <\/p>\n\n<p>Vous pouvez toujours contr\u00f4ler vos connexions, supprimer les contenus qui ne vous int\u00e9ressent plus et limiter les personnes avec lesquelles vous partagez vos connexions en acc\u00e9dant \u00e0 vos param\u00e8tres de confidentialit\u00e9.<\/p>\n\n<p>Publications<\/p>\n\n<p>L&#8217;utilisateur, une fois reli\u00e9 \u00e0 la page de Relocate Consulting 2000 S.L., peut publier sur cette derni\u00e8re des commentaires, des liens, des images ou des photographies ou tout autre type de contenu multim\u00e9dia pris en charge par le r\u00e9seau social. Dans tous les cas, l&#8217;utilisateur doit en \u00eatre le propri\u00e9taire, jouir des droits d&#8217;auteur et de propri\u00e9t\u00e9 intellectuelle ou avoir le consentement des tiers concern\u00e9s. Il est express\u00e9ment interdit de publier sur la page des textes, des graphiques, des photographies, des vid\u00e9os, etc. qui portent atteinte ou sont susceptibles de porter atteinte \u00e0 la morale, \u00e0 l&#8217;\u00e9thique, au bon go\u00fbt ou \u00e0 la biens\u00e9ance, et\/ou qui enfreignent, violent ou violent les droits de propri\u00e9t\u00e9 intellectuelle ou industrielle, le droit \u00e0 l&#8217;image ou la loi. Dans ces cas, Relocate Consulting 2000 S.L. se r\u00e9serve le droit de retirer imm\u00e9diatement le contenu et peut demander le blocage permanent de l&#8217;utilisateur.   <\/p>\n\n<p>Relocate Consulting 2000 S.L. ne sera pas tenu responsable des contenus qu&#8217;un utilisateur a librement publi\u00e9s.<\/p>\n\n<p>Les utilisateurs doivent \u00eatre conscients que leurs messages seront connus des autres utilisateurs et qu&#8217;ils sont donc les premiers responsables de la protection de leur vie priv\u00e9e.<\/p>\n\n<p>Les images qui peuvent \u00eatre publi\u00e9es sur la page ne seront stock\u00e9es dans aucun fichier par Relocate Consulting 2000 S.L. mais elles resteront dans le r\u00e9seau social.<\/p>\n\n<p>Concours et promotions<\/p>\n\n<p>Relocate Consulting 2000 S.L. se r\u00e9serve le droit de r\u00e9aliser des concours et des promotions auxquels l&#8217;Utilisateur pourra participer sur la page. Les bases de chacun d&#8217;entre eux, lorsque la plateforme du R\u00e9seau Social est utilis\u00e9e pour cela, seront publi\u00e9es dans celle-ci, en respectant toujours la LSSICE et toute autre r\u00e9glementation applicable.<br\/>Le R\u00e9seau Social ne sponsorise, n&#8217;approuve ni n&#8217;administre, de quelque mani\u00e8re que ce soit, aucune de nos promotions, ni n&#8217;est associ\u00e9 \u00e0 aucune d&#8217;entre elles. <\/p>\n\n<p>Publicit\u00e9<\/p>\n\n<p>Relocate Consulting 2000 S.L. utilisera le r\u00e9seau social pour faire la publicit\u00e9 de ses produits et services. Dans tous les cas, si elle d\u00e9cide d&#8217;utiliser vos coordonn\u00e9es pour r\u00e9aliser des actions de prospection commerciale directe, elle le fera toujours dans le respect des exigences l\u00e9gales du RGPD et de la LSSICE.<br\/>Le fait de recommander la page de Relocate Consulting 2000 S.L. \u00e0 d&#8217;autres utilisateurs pour qu&#8217;ils puissent \u00e9galement profiter de promotions ou \u00eatre inform\u00e9s de son activit\u00e9 n&#8217;est pas consid\u00e9r\u00e9 comme de la publicit\u00e9.<br\/>Vous trouverez ci-dessous le lien vers la politique de confidentialit\u00e9 des diff\u00e9rents r\u00e9seaux sociaux :<br\/>Facebook <a href=\"https:\/\/www.facebook.com\/help\/323540651073243\" target=\"_blank\" rel=\"noreferrer noopener\">:<\/a> https:\/\/www.facebook.com\/help\/323540651073243<br\/>Twitter <a href=\"https:\/\/twitter.com\/privacy\" target=\"_blank\" rel=\"noreferrer noopener\">:<\/a> https:\/\/twitter.com\/privacy<br\/>YouTube <a href=\"http:\/\/www.youtube.com\/yt\/policyandsafety\/es\/\" target=\"_blank\" rel=\"noreferrer noopener\">: http:\/\/www.youtube.com\/yt\/policyandsafety\/es\/<\/a> <\/p>\n","protected":false},"excerpt":{"rendered":"<p>Conform\u00e9ment au R\u00e8glement europ\u00e9en 2016\/679, sur la protection des donn\u00e9es personnelles (RGPD) et \u00e0 la Loi 34\/2002, du 11 juillet, sur les services de la soci\u00e9t\u00e9 de l&#8217;information et le commerce \u00e9lectronique (LSSICE), Relocate Consulting 2000 S.L. informe les Utilisateurs qu&#8217;elle a proc\u00e9d\u00e9 \u00e0 la cr\u00e9ation d&#8217;un profil sur les r\u00e9seaux sociaux Facebook, Twitter et [&hellip;]<\/p>\n","protected":false},"author":1,"featured_media":0,"parent":0,"menu_order":0,"comment_status":"closed","ping_status":"closed","template":"","meta":{"_acf_changed":false,"_seopress_robots_primary_cat":"","_seopress_titles_title":"","_seopress_titles_desc":"","_seopress_robots_index":"","footnotes":""},"class_list":["post-1088","page","type-page","status-publish","hentry"],"acf":[],"_links":{"self":[{"href":"https:\/\/www.arelocation.com\/fr\/wp-json\/wp\/v2\/pages\/1088","targetHints":{"allow":["GET"]}}],"collection":[{"href":"https:\/\/www.arelocation.com\/fr\/wp-json\/wp\/v2\/pages"}],"about":[{"href":"https:\/\/www.arelocation.com\/fr\/wp-json\/wp\/v2\/types\/page"}],"author":[{"embeddable":true,"href":"https:\/\/www.arelocation.com\/fr\/wp-json\/wp\/v2\/users\/1"}],"replies":[{"embeddable":true,"href":"https:\/\/www.arelocation.com\/fr\/wp-json\/wp\/v2\/comments?post=1088"}],"version-history":[{"count":1,"href":"https:\/\/www.arelocation.com\/fr\/wp-json\/wp\/v2\/pages\/1088\/revisions"}],"predecessor-version":[{"id":1089,"href":"https:\/\/www.arelocation.com\/fr\/wp-json\/wp\/v2\/pages\/1088\/revisions\/1089"}],"wp:attachment":[{"href":"https:\/\/www.arelocation.com\/fr\/wp-json\/wp\/v2\/media?parent=1088"}],"curies":[{"name":"wp","href":"https:\/\/api.w.org\/{rel}","templated":true}]}}